{"id":9869,"date":"2024-08-16T10:49:15","date_gmt":"2024-08-16T08:49:15","guid":{"rendered":"https:\/\/dblphotoagency.com\/galleries\/"},"modified":"2024-08-16T10:49:15","modified_gmt":"2024-08-16T08:49:15","slug":"galleries","status":"publish","type":"page","link":"https:\/\/dblphotoagency.com\/en\/galleries\/","title":{"rendered":"Galleries"},"content":{"rendered":"\t\t<div data-elementor-type=\"wp-page\" data-elementor-id=\"9869\" class=\"elementor elementor-9869 elementor-121\" data-elementor-post-type=\"page\">\n\t\t\t\t\t\t<section class=\"elementor-section elementor-top-section elementor-element elementor-element-95fcd99 elementor-section-boxed elementor-section-height-default elementor-section-height-default\" data-id=\"95fcd99\" data-element_type=\"section\" data-e-type=\"section\">\n\t\t\t\t\t\t<div class=\"elementor-container elementor-column-gap-default\">\n\t\t\t\t\t<div class=\"elementor-column elementor-col-33 elementor-top-column elementor-element elementor-element-580ff72\" data-id=\"580ff72\" data-element_type=\"column\" data-e-type=\"column\">\n\t\t\t<div class=\"elementor-widget-wrap elementor-element-populated\">\n\t\t\t\t\t\t<div class=\"elementor-element elementor-element-74c87ec elementor-position-top elementor-widget elementor-widget-image-box\" data-id=\"74c87ec\" data-element_type=\"widget\" data-e-type=\"widget\" data-widget_type=\"image-box.default\">\n\t\t\t\t<div class=\"elementor-widget-container\">\n\t\t\t\t\t<div class=\"elementor-image-box-wrapper\"><figure class=\"elementor-image-box-img\"><a href=\"https:\/\/dblphotoagency.com\/en\/galleries\/gp-catalunya-2024-motogp\/\" tabindex=\"-1\"><img fetchpriority=\"high\" decoding=\"async\" width=\"2560\" height=\"1707\" src=\"https:\/\/dblphotoagency.com\/wp-content\/uploads\/E62A0367-2-scaled.jpg\" class=\"attachment-full size-full wp-image-4533\" alt=\"\" srcset=\"https:\/\/dblphotoagency.com\/wp-content\/uploads\/E62A0367-2-scaled.jpg 2560w, https:\/\/dblphotoagency.com\/wp-content\/uploads\/E62A0367-2-420x280.jpg 420w, https:\/\/dblphotoagency.com\/wp-content\/uploads\/E62A0367-2-1024x683.jpg 1024w, https:\/\/dblphotoagency.com\/wp-content\/uploads\/E62A0367-2-768x512.jpg 768w, https:\/\/dblphotoagency.com\/wp-content\/uploads\/E62A0367-2-1536x1024.jpg 1536w, https:\/\/dblphotoagency.com\/wp-content\/uploads\/E62A0367-2-2048x1365.jpg 2048w, https:\/\/dblphotoagency.com\/wp-content\/uploads\/E62A0367-2-600x400.jpg 600w\" sizes=\"(max-width: 2560px) 100vw, 2560px\" \/><\/a><\/figure><div class=\"elementor-image-box-content\"><h3 class=\"elementor-image-box-title\"><a href=\"https:\/\/dblphotoagency.com\/en\/galleries\/gp-catalunya-2024-motogp\/\">GP CATALUNYA 2024 MOTOGP<\/a><\/h3><\/div><\/div>\t\t\t\t<\/div>\n\t\t\t\t<\/div>\n\t\t\t\t\t<\/div>\n\t\t<\/div>\n\t\t\t\t<div class=\"elementor-column elementor-col-33 elementor-top-column elementor-element elementor-element-124f0f2\" data-id=\"124f0f2\" data-element_type=\"column\" data-e-type=\"column\">\n\t\t\t<div class=\"elementor-widget-wrap elementor-element-populated\">\n\t\t\t\t\t\t<div class=\"elementor-element elementor-element-c450ef5 elementor-position-top elementor-widget elementor-widget-image-box\" data-id=\"c450ef5\" data-element_type=\"widget\" data-e-type=\"widget\" data-widget_type=\"image-box.default\">\n\t\t\t\t<div class=\"elementor-widget-container\">\n\t\t\t\t\t<div class=\"elementor-image-box-wrapper\"><figure class=\"elementor-image-box-img\"><a href=\"https:\/\/dblphotoagency.com\/en\/galleries\/gp-espana-formula-1\/\" tabindex=\"-1\"><img decoding=\"async\" width=\"2560\" height=\"1708\" src=\"https:\/\/dblphotoagency.com\/wp-content\/uploads\/3U6A5354-2-scaled.jpg\" class=\"attachment-full size-full wp-image-6045\" alt=\"\" srcset=\"https:\/\/dblphotoagency.com\/wp-content\/uploads\/3U6A5354-2-scaled.jpg 2560w, https:\/\/dblphotoagency.com\/wp-content\/uploads\/3U6A5354-2-420x280.jpg 420w, https:\/\/dblphotoagency.com\/wp-content\/uploads\/3U6A5354-2-1024x683.jpg 1024w, https:\/\/dblphotoagency.com\/wp-content\/uploads\/3U6A5354-2-768x512.jpg 768w, https:\/\/dblphotoagency.com\/wp-content\/uploads\/3U6A5354-2-1536x1025.jpg 1536w, https:\/\/dblphotoagency.com\/wp-content\/uploads\/3U6A5354-2-2048x1366.jpg 2048w, https:\/\/dblphotoagency.com\/wp-content\/uploads\/3U6A5354-2-600x400.jpg 600w\" sizes=\"(max-width: 2560px) 100vw, 2560px\" \/><\/a><\/figure><div class=\"elementor-image-box-content\"><h3 class=\"elementor-image-box-title\"><a href=\"https:\/\/dblphotoagency.com\/en\/galleries\/gp-espana-formula-1\/\">GP ESPA\u00d1A FORMULA 1<\/a><\/h3><\/div><\/div>\t\t\t\t<\/div>\n\t\t\t\t<\/div>\n\t\t\t\t\t<\/div>\n\t\t<\/div>\n\t\t\t\t<div class=\"elementor-column elementor-col-33 elementor-top-column elementor-element elementor-element-aa1a39b\" data-id=\"aa1a39b\" data-element_type=\"column\" data-e-type=\"column\">\n\t\t\t<div class=\"elementor-widget-wrap elementor-element-populated\">\n\t\t\t\t\t\t<div class=\"elementor-element elementor-element-fb7fca8 elementor-position-top elementor-widget elementor-widget-image-box\" data-id=\"fb7fca8\" data-element_type=\"widget\" data-e-type=\"widget\" data-widget_type=\"image-box.default\">\n\t\t\t\t<div class=\"elementor-widget-container\">\n\t\t\t\t\t<div class=\"elementor-image-box-wrapper\"><figure class=\"elementor-image-box-img\"><a href=\"https:\/\/dblphotoagency.com\/en\/galleries\/motogp-jerez-2024\/\" tabindex=\"-1\"><img decoding=\"async\" width=\"2560\" height=\"1707\" src=\"https:\/\/dblphotoagency.com\/wp-content\/uploads\/dEF7A1443-scaled.jpg\" class=\"attachment-full size-full wp-image-9742\" alt=\"\" srcset=\"https:\/\/dblphotoagency.com\/wp-content\/uploads\/dEF7A1443-scaled.jpg 2560w, https:\/\/dblphotoagency.com\/wp-content\/uploads\/dEF7A1443-420x280.jpg 420w, https:\/\/dblphotoagency.com\/wp-content\/uploads\/dEF7A1443-1024x683.jpg 1024w, https:\/\/dblphotoagency.com\/wp-content\/uploads\/dEF7A1443-768x512.jpg 768w, https:\/\/dblphotoagency.com\/wp-content\/uploads\/dEF7A1443-1536x1024.jpg 1536w, https:\/\/dblphotoagency.com\/wp-content\/uploads\/dEF7A1443-2048x1365.jpg 2048w, https:\/\/dblphotoagency.com\/wp-content\/uploads\/dEF7A1443-600x400.jpg 600w\" sizes=\"(max-width: 2560px) 100vw, 2560px\" \/><\/a><\/figure><div class=\"elementor-image-box-content\"><h3 class=\"elementor-image-box-title\"><a href=\"https:\/\/dblphotoagency.com\/en\/galleries\/motogp-jerez-2024\/\">MOTOGP JEREZ 2024<\/a><\/h3><\/div><\/div>\t\t\t\t<\/div>\n\t\t\t\t<\/div>\n\t\t\t\t\t<\/div>\n\t\t<\/div>\n\t\t\t\t\t<\/div>\n\t\t<\/section>\n\t\t\t\t<section class=\"elementor-section elementor-top-section elementor-element elementor-element-85556e1 elementor-section-boxed elementor-section-height-default elementor-section-height-default\" data-id=\"85556e1\" data-element_type=\"section\" data-e-type=\"section\">\n\t\t\t\t\t\t<div class=\"elementor-container elementor-column-gap-default\">\n\t\t\t\t\t<div class=\"elementor-column elementor-col-33 elementor-top-column elementor-element elementor-element-a90d42f\" data-id=\"a90d42f\" data-element_type=\"column\" data-e-type=\"column\">\n\t\t\t<div class=\"elementor-widget-wrap elementor-element-populated\">\n\t\t\t\t\t\t<div class=\"elementor-element elementor-element-96df197 elementor-position-top elementor-widget elementor-widget-image-box\" data-id=\"96df197\" data-element_type=\"widget\" data-e-type=\"widget\" data-widget_type=\"image-box.default\">\n\t\t\t\t<div class=\"elementor-widget-container\">\n\t\t\t\t\t<div class=\"elementor-image-box-wrapper\"><figure class=\"elementor-image-box-img\"><a href=\"https:\/\/dblphotoagency.com\/en\/galleries\/formula-e-pretemporada-2024\/\" tabindex=\"-1\"><img loading=\"lazy\" decoding=\"async\" width=\"2560\" height=\"1707\" src=\"https:\/\/dblphotoagency.com\/wp-content\/uploads\/400925226_727805966039814_7583843424433427258_n_727805996039811-2-scaled.jpg\" class=\"attachment-full size-full wp-image-6967\" alt=\"\" srcset=\"https:\/\/dblphotoagency.com\/wp-content\/uploads\/400925226_727805966039814_7583843424433427258_n_727805996039811-2-scaled.jpg 2560w, https:\/\/dblphotoagency.com\/wp-content\/uploads\/400925226_727805966039814_7583843424433427258_n_727805996039811-2-420x280.jpg 420w, https:\/\/dblphotoagency.com\/wp-content\/uploads\/400925226_727805966039814_7583843424433427258_n_727805996039811-2-1024x683.jpg 1024w, https:\/\/dblphotoagency.com\/wp-content\/uploads\/400925226_727805966039814_7583843424433427258_n_727805996039811-2-768x512.jpg 768w, https:\/\/dblphotoagency.com\/wp-content\/uploads\/400925226_727805966039814_7583843424433427258_n_727805996039811-2-1536x1024.jpg 1536w, https:\/\/dblphotoagency.com\/wp-content\/uploads\/400925226_727805966039814_7583843424433427258_n_727805996039811-2-2048x1365.jpg 2048w, https:\/\/dblphotoagency.com\/wp-content\/uploads\/400925226_727805966039814_7583843424433427258_n_727805996039811-2-600x400.jpg 600w\" sizes=\"(max-width: 2560px) 100vw, 2560px\" \/><\/a><\/figure><div class=\"elementor-image-box-content\"><h3 class=\"elementor-image-box-title\"><a href=\"https:\/\/dblphotoagency.com\/en\/galleries\/formula-e-pretemporada-2024\/\">FORMULA E PRETEMPORADA 2024<\/a><\/h3><\/div><\/div>\t\t\t\t<\/div>\n\t\t\t\t<\/div>\n\t\t\t\t\t<\/div>\n\t\t<\/div>\n\t\t\t\t<div class=\"elementor-column elementor-col-33 elementor-top-column elementor-element elementor-element-24c22a3\" data-id=\"24c22a3\" data-element_type=\"column\" data-e-type=\"column\">\n\t\t\t<div class=\"elementor-widget-wrap elementor-element-populated\">\n\t\t\t\t\t\t<div class=\"elementor-element elementor-element-42c1509 elementor-position-top elementor-widget elementor-widget-image-box\" data-id=\"42c1509\" data-element_type=\"widget\" data-e-type=\"widget\" data-widget_type=\"image-box.default\">\n\t\t\t\t<div class=\"elementor-widget-container\">\n\t\t\t\t\t<div class=\"elementor-image-box-wrapper\"><figure class=\"elementor-image-box-img\"><a href=\"https:\/\/dblphotoagency.com\/en\/galleries\/gp-espana-2024-formula-2-y-formula-3\/\" tabindex=\"-1\"><img loading=\"lazy\" decoding=\"async\" width=\"2560\" height=\"1708\" src=\"https:\/\/dblphotoagency.com\/wp-content\/uploads\/93A6293-2-scaled.jpg\" class=\"attachment-full size-full wp-image-7168\" alt=\"\" srcset=\"https:\/\/dblphotoagency.com\/wp-content\/uploads\/93A6293-2-scaled.jpg 2560w, https:\/\/dblphotoagency.com\/wp-content\/uploads\/93A6293-2-420x280.jpg 420w, https:\/\/dblphotoagency.com\/wp-content\/uploads\/93A6293-2-1024x683.jpg 1024w, https:\/\/dblphotoagency.com\/wp-content\/uploads\/93A6293-2-768x512.jpg 768w, https:\/\/dblphotoagency.com\/wp-content\/uploads\/93A6293-2-1536x1025.jpg 1536w, https:\/\/dblphotoagency.com\/wp-content\/uploads\/93A6293-2-2048x1366.jpg 2048w, https:\/\/dblphotoagency.com\/wp-content\/uploads\/93A6293-2-600x400.jpg 600w\" sizes=\"(max-width: 2560px) 100vw, 2560px\" \/><\/a><\/figure><div class=\"elementor-image-box-content\"><h3 class=\"elementor-image-box-title\"><a href=\"https:\/\/dblphotoagency.com\/en\/galleries\/gp-espana-2024-formula-2-y-formula-3\/\">GP ESPA\u00d1A 2024 F\u00d3RMULA 2 y F\u00d3RMULA 3<\/a><\/h3><\/div><\/div>\t\t\t\t<\/div>\n\t\t\t\t<\/div>\n\t\t\t\t\t<\/div>\n\t\t<\/div>\n\t\t\t\t<div class=\"elementor-column elementor-col-33 elementor-top-column elementor-element elementor-element-a373593\" data-id=\"a373593\" data-element_type=\"column\" data-e-type=\"column\">\n\t\t\t<div class=\"elementor-widget-wrap elementor-element-populated\">\n\t\t\t\t\t\t<div class=\"elementor-element elementor-element-6080b9a elementor-position-top elementor-widget elementor-widget-image-box\" data-id=\"6080b9a\" data-element_type=\"widget\" data-e-type=\"widget\" data-widget_type=\"image-box.default\">\n\t\t\t\t<div class=\"elementor-widget-container\">\n\t\t\t\t\t<div class=\"elementor-image-box-wrapper\"><figure class=\"elementor-image-box-img\"><a href=\"https:\/\/dblphotoagency.com\/en\/galleries\/world-superbikes-2024\/\" tabindex=\"-1\"><img loading=\"lazy\" decoding=\"async\" width=\"2500\" height=\"1666\" src=\"https:\/\/dblphotoagency.com\/wp-content\/uploads\/434067567_809961231157620_6394448391935635398_n_809961301157613-2.jpg\" class=\"attachment-full size-full wp-image-8860\" alt=\"\" srcset=\"https:\/\/dblphotoagency.com\/wp-content\/uploads\/434067567_809961231157620_6394448391935635398_n_809961301157613-2.jpg 2500w, https:\/\/dblphotoagency.com\/wp-content\/uploads\/434067567_809961231157620_6394448391935635398_n_809961301157613-2-420x280.jpg 420w, https:\/\/dblphotoagency.com\/wp-content\/uploads\/434067567_809961231157620_6394448391935635398_n_809961301157613-2-1024x682.jpg 1024w, https:\/\/dblphotoagency.com\/wp-content\/uploads\/434067567_809961231157620_6394448391935635398_n_809961301157613-2-768x512.jpg 768w, https:\/\/dblphotoagency.com\/wp-content\/uploads\/434067567_809961231157620_6394448391935635398_n_809961301157613-2-1536x1024.jpg 1536w, https:\/\/dblphotoagency.com\/wp-content\/uploads\/434067567_809961231157620_6394448391935635398_n_809961301157613-2-2048x1365.jpg 2048w, https:\/\/dblphotoagency.com\/wp-content\/uploads\/434067567_809961231157620_6394448391935635398_n_809961301157613-2-600x400.jpg 600w\" sizes=\"(max-width: 2500px) 100vw, 2500px\" \/><\/a><\/figure><div class=\"elementor-image-box-content\"><h3 class=\"elementor-image-box-title\"><a href=\"https:\/\/dblphotoagency.com\/en\/galleries\/world-superbikes-2024\/\">WORLD SUPERBIKES 2024<\/a><\/h3><\/div><\/div>\t\t\t\t<\/div>\n\t\t\t\t<\/div>\n\t\t\t\t\t<\/div>\n\t\t<\/div>\n\t\t\t\t\t<\/div>\n\t\t<\/section>\n\t\t\t\t<\/div>\n\t\t","protected":false},"excerpt":{"rendered":"<p>GP CATALUNYA 2024 MOTOGP GP ESPA\u00d1A FORMULA 1 MOTOGP JEREZ 2024 FORMULA E PRETEMPORADA 2024 GP ESPA\u00d1A 2024 F\u00d3RMULA 2 y F\u00d3RMULA 3 WORLD SUPERBIKES 2024<\/p>\n","protected":false},"author":1,"featured_media":9853,"parent":0,"menu_order":1,"comment_status":"closed","ping_status":"closed","template":"","meta":{"footnotes":""},"class_list":["post-9869","page","type-page","status-publish","has-post-thumbnail","hentry"],"yoast_head":"<!-- This site is optimized with the Yoast SEO plugin v27.4 - https:\/\/yoast.com\/product\/yoast-seo-wordpress\/ -->\n<title>Galleries - DBL Photo Agency<\/title>\n<meta name=\"description\" content=\"GP CATALUNYA 2024 MOTOGP GP ESPA\u00d1A FORMULA 1 MOTOGP JEREZ 2024 FORMULA E PRETEMPORADA 2024 GP ESPA\u00d1A 2024 F\u00d3RMULA 2 y F\u00d3RMULA 3 WORLD SUPERBIKES\" \/>\n<meta name=\"robots\" content=\"index, follow, max-snippet:-1, max-image-preview:large, max-video-preview:-1\" \/>\n<link rel=\"canonical\" href=\"https:\/\/dblphotoagency.com\/en\/galleries\/\" \/>\n<meta property=\"og:locale\" content=\"en_US\" \/>\n<meta property=\"og:type\" content=\"article\" \/>\n<meta property=\"og:title\" content=\"Galleries - DBL Photo Agency\" \/>\n<meta property=\"og:description\" content=\"GP CATALUNYA 2024 MOTOGP GP ESPA\u00d1A FORMULA 1 MOTOGP JEREZ 2024 FORMULA E PRETEMPORADA 2024 GP ESPA\u00d1A 2024 F\u00d3RMULA 2 y F\u00d3RMULA 3 WORLD SUPERBIKES\" \/>\n<meta property=\"og:url\" content=\"https:\/\/dblphotoagency.com\/en\/galleries\/\" \/>\n<meta property=\"og:site_name\" content=\"DBL Photo Agency\" \/>\n<meta property=\"og:image\" content=\"https:\/\/dblphotoagency.com\/wp-content\/uploads\/E62A0367-2-scaled.jpg\" \/>\n<meta name=\"twitter:card\" content=\"summary_large_image\" \/>\n<script type=\"application\/ld+json\" class=\"yoast-schema-graph\">{\"@context\":\"https:\\\/\\\/schema.org\",\"@graph\":[{\"@type\":\"WebPage\",\"@id\":\"https:\\\/\\\/dblphotoagency.com\\\/en\\\/galleries\\\/\",\"url\":\"https:\\\/\\\/dblphotoagency.com\\\/en\\\/galleries\\\/\",\"name\":\"Galleries - DBL Photo Agency\",\"isPartOf\":{\"@id\":\"https:\\\/\\\/dblphotoagency.com\\\/en\\\/#website\"},\"primaryImageOfPage\":{\"@id\":\"https:\\\/\\\/dblphotoagency.com\\\/en\\\/galleries\\\/#primaryimage\"},\"image\":{\"@id\":\"https:\\\/\\\/dblphotoagency.com\\\/en\\\/galleries\\\/#primaryimage\"},\"thumbnailUrl\":\"https:\\\/\\\/dblphotoagency.com\\\/wp-content\\\/uploads\\\/EF7A0111-scaled.jpg\",\"datePublished\":\"2024-08-16T08:49:15+00:00\",\"description\":\"GP CATALUNYA 2024 MOTOGP GP ESPA\u00d1A FORMULA 1 MOTOGP JEREZ 2024 FORMULA E PRETEMPORADA 2024 GP ESPA\u00d1A 2024 F\u00d3RMULA 2 y F\u00d3RMULA 3 WORLD SUPERBIKES\",\"inLanguage\":\"en-US\",\"potentialAction\":[{\"@type\":\"ReadAction\",\"target\":[\"https:\\\/\\\/dblphotoagency.com\\\/en\\\/galleries\\\/\"]}]},{\"@type\":\"ImageObject\",\"inLanguage\":\"en-US\",\"@id\":\"https:\\\/\\\/dblphotoagency.com\\\/en\\\/galleries\\\/#primaryimage\",\"url\":\"https:\\\/\\\/dblphotoagency.com\\\/wp-content\\\/uploads\\\/EF7A0111-scaled.jpg\",\"contentUrl\":\"https:\\\/\\\/dblphotoagency.com\\\/wp-content\\\/uploads\\\/EF7A0111-scaled.jpg\",\"width\":2560,\"height\":1438},{\"@type\":\"WebSite\",\"@id\":\"https:\\\/\\\/dblphotoagency.com\\\/en\\\/#website\",\"url\":\"https:\\\/\\\/dblphotoagency.com\\\/en\\\/\",\"name\":\"DBL Photo Agency\",\"description\":\"Motorsport photographer\",\"publisher\":{\"@id\":\"https:\\\/\\\/dblphotoagency.com\\\/en\\\/#organization\"},\"potentialAction\":[{\"@type\":\"SearchAction\",\"target\":{\"@type\":\"EntryPoint\",\"urlTemplate\":\"https:\\\/\\\/dblphotoagency.com\\\/en\\\/?s={search_term_string}\"},\"query-input\":{\"@type\":\"PropertyValueSpecification\",\"valueRequired\":true,\"valueName\":\"search_term_string\"}}],\"inLanguage\":\"en-US\"},{\"@type\":\"Organization\",\"@id\":\"https:\\\/\\\/dblphotoagency.com\\\/en\\\/#organization\",\"name\":\"DBL Photo Agency\",\"url\":\"https:\\\/\\\/dblphotoagency.com\\\/en\\\/\",\"logo\":{\"@type\":\"ImageObject\",\"inLanguage\":\"en-US\",\"@id\":\"https:\\\/\\\/dblphotoagency.com\\\/en\\\/#\\\/schema\\\/logo\\\/image\\\/\",\"url\":\"https:\\\/\\\/dblphotoagency.com\\\/wp-content\\\/uploads\\\/cropped-logo-DBL-Photo-Agency-def.png\",\"contentUrl\":\"https:\\\/\\\/dblphotoagency.com\\\/wp-content\\\/uploads\\\/cropped-logo-DBL-Photo-Agency-def.png\",\"width\":3505,\"height\":1003,\"caption\":\"DBL Photo Agency\"},\"image\":{\"@id\":\"https:\\\/\\\/dblphotoagency.com\\\/en\\\/#\\\/schema\\\/logo\\\/image\\\/\"}}]}<\/script>\n<!-- \/ Yoast SEO plugin. -->","yoast_head_json":{"title":"Galleries - DBL Photo Agency","description":"GP CATALUNYA 2024 MOTOGP GP ESPA\u00d1A FORMULA 1 MOTOGP JEREZ 2024 FORMULA E PRETEMPORADA 2024 GP ESPA\u00d1A 2024 F\u00d3RMULA 2 y F\u00d3RMULA 3 WORLD SUPERBIKES","robots":{"index":"index","follow":"follow","max-snippet":"max-snippet:-1","max-image-preview":"max-image-preview:large","max-video-preview":"max-video-preview:-1"},"canonical":"https:\/\/dblphotoagency.com\/en\/galleries\/","og_locale":"en_US","og_type":"article","og_title":"Galleries - DBL Photo Agency","og_description":"GP CATALUNYA 2024 MOTOGP GP ESPA\u00d1A FORMULA 1 MOTOGP JEREZ 2024 FORMULA E PRETEMPORADA 2024 GP ESPA\u00d1A 2024 F\u00d3RMULA 2 y F\u00d3RMULA 3 WORLD SUPERBIKES","og_url":"https:\/\/dblphotoagency.com\/en\/galleries\/","og_site_name":"DBL Photo Agency","og_image":[{"url":"https:\/\/dblphotoagency.com\/wp-content\/uploads\/E62A0367-2-scaled.jpg","type":"","width":"","height":""}],"twitter_card":"summary_large_image","schema":{"@context":"https:\/\/schema.org","@graph":[{"@type":"WebPage","@id":"https:\/\/dblphotoagency.com\/en\/galleries\/","url":"https:\/\/dblphotoagency.com\/en\/galleries\/","name":"Galleries - DBL Photo Agency","isPartOf":{"@id":"https:\/\/dblphotoagency.com\/en\/#website"},"primaryImageOfPage":{"@id":"https:\/\/dblphotoagency.com\/en\/galleries\/#primaryimage"},"image":{"@id":"https:\/\/dblphotoagency.com\/en\/galleries\/#primaryimage"},"thumbnailUrl":"https:\/\/dblphotoagency.com\/wp-content\/uploads\/EF7A0111-scaled.jpg","datePublished":"2024-08-16T08:49:15+00:00","description":"GP CATALUNYA 2024 MOTOGP GP ESPA\u00d1A FORMULA 1 MOTOGP JEREZ 2024 FORMULA E PRETEMPORADA 2024 GP ESPA\u00d1A 2024 F\u00d3RMULA 2 y F\u00d3RMULA 3 WORLD SUPERBIKES","inLanguage":"en-US","potentialAction":[{"@type":"ReadAction","target":["https:\/\/dblphotoagency.com\/en\/galleries\/"]}]},{"@type":"ImageObject","inLanguage":"en-US","@id":"https:\/\/dblphotoagency.com\/en\/galleries\/#primaryimage","url":"https:\/\/dblphotoagency.com\/wp-content\/uploads\/EF7A0111-scaled.jpg","contentUrl":"https:\/\/dblphotoagency.com\/wp-content\/uploads\/EF7A0111-scaled.jpg","width":2560,"height":1438},{"@type":"WebSite","@id":"https:\/\/dblphotoagency.com\/en\/#website","url":"https:\/\/dblphotoagency.com\/en\/","name":"DBL Photo Agency","description":"Motorsport photographer","publisher":{"@id":"https:\/\/dblphotoagency.com\/en\/#organization"},"potentialAction":[{"@type":"SearchAction","target":{"@type":"EntryPoint","urlTemplate":"https:\/\/dblphotoagency.com\/en\/?s={search_term_string}"},"query-input":{"@type":"PropertyValueSpecification","valueRequired":true,"valueName":"search_term_string"}}],"inLanguage":"en-US"},{"@type":"Organization","@id":"https:\/\/dblphotoagency.com\/en\/#organization","name":"DBL Photo Agency","url":"https:\/\/dblphotoagency.com\/en\/","logo":{"@type":"ImageObject","inLanguage":"en-US","@id":"https:\/\/dblphotoagency.com\/en\/#\/schema\/logo\/image\/","url":"https:\/\/dblphotoagency.com\/wp-content\/uploads\/cropped-logo-DBL-Photo-Agency-def.png","contentUrl":"https:\/\/dblphotoagency.com\/wp-content\/uploads\/cropped-logo-DBL-Photo-Agency-def.png","width":3505,"height":1003,"caption":"DBL Photo Agency"},"image":{"@id":"https:\/\/dblphotoagency.com\/en\/#\/schema\/logo\/image\/"}}]}},"_links":{"self":[{"href":"https:\/\/dblphotoagency.com\/en\/wp-json\/wp\/v2\/pages\/9869","targetHints":{"allow":["GET"]}}],"collection":[{"href":"https:\/\/dblphotoagency.com\/en\/wp-json\/wp\/v2\/pages"}],"about":[{"href":"https:\/\/dblphotoagency.com\/en\/wp-json\/wp\/v2\/types\/page"}],"author":[{"embeddable":true,"href":"https:\/\/dblphotoagency.com\/en\/wp-json\/wp\/v2\/users\/1"}],"replies":[{"embeddable":true,"href":"https:\/\/dblphotoagency.com\/en\/wp-json\/wp\/v2\/comments?post=9869"}],"version-history":[{"count":1,"href":"https:\/\/dblphotoagency.com\/en\/wp-json\/wp\/v2\/pages\/9869\/revisions"}],"predecessor-version":[{"id":9870,"href":"https:\/\/dblphotoagency.com\/en\/wp-json\/wp\/v2\/pages\/9869\/revisions\/9870"}],"wp:featuredmedia":[{"embeddable":true,"href":"https:\/\/dblphotoagency.com\/en\/wp-json\/wp\/v2\/media\/9853"}],"wp:attachment":[{"href":"https:\/\/dblphotoagency.com\/en\/wp-json\/wp\/v2\/media?parent=9869"}],"curies":[{"name":"wp","href":"https:\/\/api.w.org\/{rel}","templated":true}]}}